{"id":32,"date":"2014-06-22T08:40:42","date_gmt":"2014-06-22T07:40:42","guid":{"rendered":"http:\/\/gaellesalakenos.be\/?page_id=32"},"modified":"2025-03-10T08:43:21","modified_gmt":"2025-03-10T07:43:21","slug":"contact","status":"publish","type":"page","link":"https:\/\/gaellesalakenos.be\/?page_id=32","title":{"rendered":"Contact"},"content":{"rendered":"<h3><span style=\"color: #ff9900;\">Informations pratiques<\/span><\/h3>\n<p>Consultations sur rendez-vous :<\/p>\n<ul>\n<li>\u00e0 Louvain-la-Neuve (au Centre Kinos &#8211; Cour Durendal, 3) les mardis et mercredis (journ\u00e9e et soir\u00e9e)<\/li>\n<li>\u00e0 Namur (Avenue Albert Ier, 48 &#8211; 5000 Namur) les lundis et jeudis (journ\u00e9e).<\/li>\n<\/ul>\n<p>Je suis joignable par t\u00e9l\u00e9phone au +32 [0] 488 05 91 12 du lundi au jeudi de 09h00 \u00e0 18h30.<\/p>\n<p>Vous pouvez \u00e9galement me contacter par mail : salakenos.gaelle@gmail.com<\/p>\n<h6><span style=\"color: #ff6600;\">Veuillez noter que toute consultation non annul\u00e9e 24 heures \u00e0 l&rsquo;avance sera due! Merci de votre compr\u00e9hension.<\/span><\/h6>\n<h3><span style=\"color: #ff9900;\">Tarifs<\/span><\/h3>\n<p><em><strong>Dur\u00e9e d&rsquo;une s\u00e9ance\u00a0:<\/strong> en moyenne 50 minutes (mais pr\u00e9voir une heure)<\/em><\/p>\n<ul>\n<li><strong>70\u20ac<\/strong><\/li>\n<\/ul>\n<p><em>Un remboursement via votre mutuelle est possible, renseignez-vous\u00a0!<\/em><\/p>\n<h3><strong><span style=\"color: #ff9900;\">PARTENAIRES<\/span><\/strong><\/h3>\n<ul>\n<li>\n<h3><b>Centre Kinos\u00a0<\/b><\/h3>\n<\/li>\n<\/ul>\n<div><span style=\"color: #ff9900;\"><span style=\"color: #ff9900;\"><em>Cabinet M\u00e9dical et Para-m\u00e9dical<\/em><\/span><\/span><\/div>\n<div>Cour Durendal, 3 &#8211;\u00a01348 Louvain-la-Neuve Renseignements :\u00a0http:\/\/centre-kinos.be\/<\/div>\n<ul>\n<li>\n<h3>On disait que&#8230; &#8211; ateliers th\u00e9\u00e2tre<\/h3>\n<\/li>\n<\/ul>\n<p><span style=\"color: #ff9900;\"><em>Envie de s\u2019amuser dans une activit\u00e9 d\u2019expression ?\u00a0\u00ab On disait que&#8230; \u00bb vous propose une approche du travail sc\u00e9nique par l\u2019exploration du mouvement, de la voix et des \u00e9motions. Prise de confiance en soi, \u00e9coute de l\u2019autre, canalisation de l\u2019\u00e9nergie, d\u00e9veloppement de la cr\u00e9ativit\u00e9 et ouverture de l\u2019imaginaire&#8230;\u00a0Tout un programme !<\/em><\/span> 0496 44 30 81 |\u00a0www.ondisaitque.be | info@ondisaitque.be [\/themify_col]\n<div id=\"themify_builder_content-32\" data-postid=\"32\" class=\"themify_builder_content themify_builder_content-32 themify_builder themify_builder_front\">\n\t\n\t\n<\/div>\n<!-- \/themify_builder_content -->","protected":false},"excerpt":{"rendered":"<p>Informations pratiques Consultations sur rendez-vous : \u00e0 Louvain-la-Neuve (au Centre Kinos &#8211; Cour Durendal, 3) les mardis et mercredis (journ\u00e9e et soir\u00e9e) \u00e0 Namur (Avenue Albert Ier, 48 &#8211; 5000 Namur) les lundis et jeudis (journ\u00e9e). Je suis joignable par t\u00e9l\u00e9phone au +32 [0] 488 05 91 12 du lundi au jeudi de 09h00 \u00e0(&#8230;)<\/p>\n","protected":false},"author":1,"featured_media":0,"parent":0,"menu_order":0,"comment_status":"closed","ping_status":"closed","template":"","meta":{"footnotes":""},"_links":{"self":[{"href":"https:\/\/gaellesalakenos.be\/index.php?rest_route=\/wp\/v2\/pages\/32"}],"collection":[{"href":"https:\/\/gaellesalakenos.be\/index.php?rest_route=\/wp\/v2\/pages"}],"about":[{"href":"https:\/\/gaellesalakenos.be\/index.php?rest_route=\/wp\/v2\/types\/page"}],"author":[{"embeddable":true,"href":"https:\/\/gaellesalakenos.be\/index.php?rest_route=\/wp\/v2\/users\/1"}],"replies":[{"embeddable":true,"href":"https:\/\/gaellesalakenos.be\/index.php?rest_route=%2Fwp%2Fv2%2Fcomments&post=32"}],"version-history":[{"count":43,"href":"https:\/\/gaellesalakenos.be\/index.php?rest_route=\/wp\/v2\/pages\/32\/revisions"}],"predecessor-version":[{"id":343,"href":"https:\/\/gaellesalakenos.be\/index.php?rest_route=\/wp\/v2\/pages\/32\/revisions\/343"}],"wp:attachment":[{"href":"https:\/\/gaellesalakenos.be\/index.php?rest_route=%2Fwp%2Fv2%2Fmedia&parent=32"}],"curies":[{"name":"wp","href":"https:\/\/api.w.org\/{rel}","templated":true}]}}