{"id":10,"date":"2014-06-21T12:08:55","date_gmt":"2014-06-21T11:08:55","guid":{"rendered":"http:\/\/gaellesalakenos.be\/?page_id=10"},"modified":"2022-04-28T20:15:16","modified_gmt":"2022-04-28T19:15:16","slug":"accueil","status":"publish","type":"page","link":"https:\/\/gaellesalakenos.be\/","title":{"rendered":"Accueil"},"content":{"rendered":"<div id=\"themify_builder_content-10\" data-postid=\"10\" class=\"themify_builder_content themify_builder_content-10 themify_builder themify_builder_front\">\n\t\t<!-- module_row -->\n\t\t<div class=\"themify_builder_row module_row module_row_0 clearfix\">\n\n\t\t<div class=\"row_inner\">\n\t\t\n\t\t\t\n\t\t\t\n\t\t\t\n\t\t\t<div class=\"col-full first tb-column\">\n\t\t\t\t\t\t\t\t\t\n\t\t\t\t\t\n<!-- module callout -->\n<div id=\"callout-10-0-0-0\" class=\"module module-callout callout-10-0-0-0 ui button-bottom-center orange  rounded gradient \">\n\n\t\n\t\n\t<div class=\"callout-inner\">\n\t\t<div class=\"callout-content\">\n\t\t\t<h3 class=\"callout-heading\">Nouvel ATELIER - Et si je m'estimais? <\/h3>\n\t\t\t<strong>(R\u00e9)apprendre \u00e0 se sentir bien dans son corps et se respecter!\n<\/strong>\n<br \/> Informations pratiques sur demande.  \n<br \/> Projet en collaboration avec Pauline Dela Croix, Conseill\u00e8re en image. \t\t<\/div>\n\t\t<!-- \/callout-content -->\n\n\t\t\t\t<p class=\"callout-button\">\n\t\t\t<a href=\"http:\/\/gaellesalakenos.be\/?p=331\" class=\"ui builder_button default rounded gradient\">\n\t\t\t\tPlus d'infos par ici\t\t\t<\/a>\n\t\t<\/p>\n\t\t\t<\/div>\n\t<!-- \/callout-content -->\n\n\t<\/div>\n<!-- \/module callout -->\n\n<!-- module text -->\n<div id=\"text-10-0-0-1\" class=\"module module-text text-10-0-0-1  \">\n\t\n\t\t\n\t<h3 style=\"text-align: justify;\"><span style=\"color: #ff9900;\">Bienvenue !<\/span><\/h3><p style=\"text-align: justify;\"><em>Pour vivre \u00e9panoui, le bien-\u00eatre psychologique est primordial. Influenc\u00e9 par une multitude de facteurs, notre bien-\u00eatre peut \u00e9voluer et varier. Cependant, lorsque nous nous trouvons en difficult\u00e9, \u00ab largu\u00e9s \u00bb, une aide est bien souvent n\u00e9cessaire. Enfant, adolescent ou adulte, il est d\u00e8s lors important de pouvoir se tourner vers un professionnel.<\/em><\/p><p style=\"text-align: justify;\"><strong>Ce site s\u2019adresse \u00e0 toute personne en difficult\u00e9, en souffrance, \u00e0 la recherche d\u2019aide et de soutien.\u00a0Il a plusieurs objectifs.<\/strong>\u00a0Tout d\u2019abord, il vous permettra de mieux me connaitre en tant que psychologue, c'est-\u00e0-dire de d\u00e9couvrir ma philosophie de travail, mon parcours et mes activit\u00e9s professionnelles. Vous y trouverez \u00e9galement des informations qui pourront vous guider dans votre recherche. Enfin, ce site permet un \u00e9change simple entre vous et moi, vous par des questions et\/ou demandes, moi par des publications et projets en cours.<\/p><p style=\"text-align: justify;\">Psychologue clinicienne, je travaille principalement dans\u00a0<strong>le domaine du bien-\u00eatre<\/strong>, du\u00a0<strong>d\u00e9veloppement personnel<\/strong>\u00a0et de\u00a0<strong>l\u2019alimentation<\/strong>\u00a0(troubles alimentaires, r\u00e9gimes), avec les adolescents (\u00e0 partir d'environ 14 ans) et les adultes.\u00a0<\/p><p style=\"text-align: justify;\">Ma\u00a0<strong>philosophie de travail<\/strong>\u00a0est une vision ouverte, au rythme de la personne, une prise en compte de l\u2019individu dans sa globalit\u00e9. Chacun d\u2019entre nous a en effet des besoins sp\u00e9cifiques, propres \u00e0 lui. Il s\u2019agit donc de comprendre la personne dans son enti\u00e8ret\u00e9 et d\u2019apr\u00e8s ses diff\u00e9rents contextes de vie ou encore sa culture et de s\u2019y adapter.<\/p><p style=\"text-align: justify;\">Comprendre au mieux la situation probl\u00e9matique permet d\u2019y apporter l\u2019aide et le soutien ad\u00e9quats. L\u2019accompagnement que je propose \u00e0 la personne en difficult\u00e9 vise donc \u00e0 l\u2019accompagner dans son travail personnel, son cheminement, dans la recherche de solutions ; l\u2019objectif final \u00e9tant de la rendre (\u00e0 nouveau) autonome et libre.<\/p>\n\t<\/div>\n<!-- \/module text -->\n\t\t\t\t\n\t\t\t\t\t\t\t<\/div>\n\t\t\t<!-- \/col -->\n\t\t\t\n\t\t\t\t\t\t\n\t\t\t\t\t\n\t\t<\/div>\n\t\t<!-- \/row_inner -->\n\t<\/div>\n\t<!-- \/module_row -->\n\n\t\n\t\n<\/div>\n<!-- \/themify_builder_content -->","protected":false},"excerpt":{"rendered":"<p>Nouvel ATELIER &#8211; Et si je m&rsquo;estimais? (R\u00e9)apprendre \u00e0 se sentir bien dans son corps et se respecter! Informations pratiques sur demande. Projet en collaboration avec Pauline Dela Croix, Conseill\u00e8re en image. Plus d&rsquo;infos par ici Bienvenue !Pour vivre \u00e9panoui, le bien-\u00eatre psychologique est primordial. Influenc\u00e9 par une multitude de facteurs, notre bien-\u00eatre peut \u00e9voluer(&#8230;)<\/p>\n","protected":false},"author":1,"featured_media":0,"parent":0,"menu_order":0,"comment_status":"closed","ping_status":"closed","template":"","meta":{"footnotes":""},"_links":{"self":[{"href":"https:\/\/gaellesalakenos.be\/index.php?rest_route=\/wp\/v2\/pages\/10"}],"collection":[{"href":"https:\/\/gaellesalakenos.be\/index.php?rest_route=\/wp\/v2\/pages"}],"about":[{"href":"https:\/\/gaellesalakenos.be\/index.php?rest_route=\/wp\/v2\/types\/page"}],"author":[{"embeddable":true,"href":"https:\/\/gaellesalakenos.be\/index.php?rest_route=\/wp\/v2\/users\/1"}],"replies":[{"embeddable":true,"href":"https:\/\/gaellesalakenos.be\/index.php?rest_route=%2Fwp%2Fv2%2Fcomments&post=10"}],"version-history":[{"count":6,"href":"https:\/\/gaellesalakenos.be\/index.php?rest_route=\/wp\/v2\/pages\/10\/revisions"}],"predecessor-version":[{"id":337,"href":"https:\/\/gaellesalakenos.be\/index.php?rest_route=\/wp\/v2\/pages\/10\/revisions\/337"}],"wp:attachment":[{"href":"https:\/\/gaellesalakenos.be\/index.php?rest_route=%2Fwp%2Fv2%2Fmedia&parent=10"}],"curies":[{"name":"wp","href":"https:\/\/api.w.org\/{rel}","templated":true}]}}